{"id":177,"date":"2018-11-30T19:50:29","date_gmt":"2018-11-30T19:50:29","guid":{"rendered":"http:\/\/wp.imker-grefrath.de\/?page_id=177"},"modified":"2018-11-30T20:11:08","modified_gmt":"2018-11-30T20:11:08","slug":"honigverkauf","status":"publish","type":"page","link":"https:\/\/www.imker-grefrath.de\/index.php\/honigverkauf\/","title":{"rendered":"Honigverkauf"},"content":{"rendered":"\t\t<div data-elementor-type=\"wp-post\" data-elementor-id=\"177\" class=\"elementor elementor-177 elementor-bc-flex-widget\">\n\t\t\t\t\t\t<section class=\"elementor-section elementor-top-section elementor-element elementor-element-a0e34e6 elementor-section-boxed elementor-section-height-default elementor-section-height-default\" data-id=\"a0e34e6\" data-element_type=\"section\" data-e-type=\"section\">\n\t\t\t\t\t\t<div class=\"elementor-container elementor-column-gap-default\">\n\t\t\t\t\t<div class=\"elementor-column elementor-col-100 elementor-top-column elementor-element elementor-element-90bb345\" data-id=\"90bb345\" data-element_type=\"column\" data-e-type=\"column\">\n\t\t\t<div class=\"elementor-widget-wrap elementor-element-populated\">\n\t\t\t\t\t\t<div class=\"elementor-element elementor-element-ca00dbb elementor-widget elementor-widget-text-editor\" data-id=\"ca00dbb\" data-element_type=\"widget\" data-e-type=\"widget\" data-widget_type=\"text-editor.default\">\n\t\t\t\t<div class=\"elementor-widget-container\">\n\t\t\t\t\t\t\t\t\t<p>Warum Honig aus heimischer Region ?<\/p><p>Der Verzehr von Honig aus heimischer Region kann Allergien positiv beeinflussen, da der im Honig enthaltene Pollen bei Allergiker das Immunsystem mit dem Allergen vertraut macht und die allergischen Reaktionen abgeschw\u00e4cht werden k\u00f6nnen. Im Honig aus heimischer Region befinden sich in geringer Menge die in dieser Gegend vorhanden Pollen, die f\u00fcr eine Desensibilisierung wichtig sind. Honig kann man importieren, Best\u00e4ubung nicht. Bienen bringen in der Natur bis zu 80 % der Best\u00e4ubungsleistung. Die Honiggewinnung macht nur einen geringen Teil des biologischen Wertes der Leistung der Bienen aus. Honig ist ein Immunsystem st\u00e4rkendes und Gesundheit f\u00f6rderndes Lebensmittel.<\/p><p>Wo gibt es Honig aus Grefrath\u00a0 und Umgebung?<\/p><p>Paul-Heinz Backes<br \/>Kempener Str. 13<br \/>47929 Grefrath \u2013 M\u00fclhausen<br \/>Tel.:\u00a0 02158 911885<\/p><p>Monika Berretz<br \/>Steegh\u00fctterweg 15<br \/>41749 Viersen<br \/>Tel.:\u00a0 02158 5379<\/p><p>Friedhelm Crynen<br \/>Ziegelheider Str. 65<br \/>47906 Kempen<br \/>Tel.: 02152 2141<\/p><p>Isabell Funck<br \/>M\u00fcskesh\u00fctt 6<br \/>47929 Grefrath<br \/>Tel.:\u00a0 02158\u00a0 4960<\/p><p>Jan Borstrok<br \/>H\u00fcbeck 19<br \/>41334 Nettetal<br \/>Tel.:\u00a0 02158 4058686<\/p><p>J\u00fcrgen Kupke<br \/>Johann-Gastes-Str. 6<br \/>47929 Grefrath-Oedt<br \/>Tel.: 02158 4038881<\/p><p>\u00a0<\/p>\t\t\t\t\t\t\t\t<\/div>\n\t\t\t\t<\/div>\n\t\t\t\t\t<\/div>\n\t\t<\/div>\n\t\t\t\t\t<\/div>\n\t\t<\/section>\n\t\t\t\t<\/div>\n\t\t","protected":false},"excerpt":{"rendered":"<p>Warum Honig aus heimischer Region ? Der Verzehr von Honig aus heimischer Region kann Allergien positiv beeinflussen, da der im Honig enthaltene Pollen bei Allergiker das Immunsystem mit dem Allergen vertraut macht und die allergischen Reaktionen abgeschw\u00e4cht werden k\u00f6nnen. Im Honig aus heimischer Region befinden sich in geringer Menge die in dieser Gegend vorhanden Pollen, [&hellip;]<\/p>\n","protected":false},"author":2,"featured_media":0,"parent":0,"menu_order":0,"comment_status":"closed","ping_status":"closed","template":"","meta":{"ocean_post_layout":"","ocean_both_sidebars_style":"","ocean_both_sidebars_content_width":0,"ocean_both_sidebars_sidebars_width":0,"ocean_sidebar":"","ocean_second_sidebar":"","ocean_disable_margins":"enable","ocean_add_body_class":"","ocean_shortcode_before_top_bar":"","ocean_shortcode_after_top_bar":"","ocean_shortcode_before_header":"","ocean_shortcode_after_header":"","ocean_has_shortcode":"","ocean_shortcode_after_title":"","ocean_shortcode_before_footer_widgets":"","ocean_shortcode_after_footer_widgets":"","ocean_shortcode_before_footer_bottom":"","ocean_shortcode_after_footer_bottom":"","ocean_display_top_bar":"default","ocean_display_header":"default","ocean_header_style":"","ocean_center_header_left_menu":"","ocean_custom_header_template":"","ocean_custom_logo":0,"ocean_custom_retina_logo":0,"ocean_custom_logo_max_width":0,"ocean_custom_logo_tablet_max_width":0,"ocean_custom_logo_mobile_max_width":0,"ocean_custom_logo_max_height":0,"ocean_custom_logo_tablet_max_height":0,"ocean_custom_logo_mobile_max_height":0,"ocean_header_custom_menu":"","ocean_menu_typo_font_family":"","ocean_menu_typo_font_subset":"","ocean_menu_typo_font_size":0,"ocean_menu_typo_font_size_tablet":0,"ocean_menu_typo_font_size_mobile":0,"ocean_menu_typo_font_size_unit":"px","ocean_menu_typo_font_weight":"","ocean_menu_typo_font_weight_tablet":"","ocean_menu_typo_font_weight_mobile":"","ocean_menu_typo_transform":"","ocean_menu_typo_transform_tablet":"","ocean_menu_typo_transform_mobile":"","ocean_menu_typo_line_height":0,"ocean_menu_typo_line_height_tablet":0,"ocean_menu_typo_line_height_mobile":0,"ocean_menu_typo_line_height_unit":"","ocean_menu_typo_spacing":0,"ocean_menu_typo_spacing_tablet":0,"ocean_menu_typo_spacing_mobile":0,"ocean_menu_typo_spacing_unit":"","ocean_menu_link_color":"","ocean_menu_link_color_hover":"","ocean_menu_link_color_active":"","ocean_menu_link_background":"","ocean_menu_link_hover_background":"","ocean_menu_link_active_background":"","ocean_menu_social_links_bg":"","ocean_menu_social_hover_links_bg":"","ocean_menu_social_links_color":"","ocean_menu_social_hover_links_color":"","ocean_disable_title":"default","ocean_disable_heading":"default","ocean_post_title":"","ocean_post_subheading":"","ocean_post_title_style":"","ocean_post_title_background_color":"","ocean_post_title_background":0,"ocean_post_title_bg_image_position":"","ocean_post_title_bg_image_attachment":"","ocean_post_title_bg_image_repeat":"","ocean_post_title_bg_image_size":"","ocean_post_title_height":0,"ocean_post_title_bg_overlay":0.5,"ocean_post_title_bg_overlay_color":"","ocean_disable_breadcrumbs":"default","ocean_breadcrumbs_color":"","ocean_breadcrumbs_separator_color":"","ocean_breadcrumbs_links_color":"","ocean_breadcrumbs_links_hover_color":"","ocean_display_footer_widgets":"default","ocean_display_footer_bottom":"default","ocean_custom_footer_template":"","footnotes":""},"class_list":["post-177","page","type-page","status-publish","hentry","entry"],"_links":{"self":[{"href":"https:\/\/www.imker-grefrath.de\/index.php\/wp-json\/wp\/v2\/pages\/177","targetHints":{"allow":["GET"]}}],"collection":[{"href":"https:\/\/www.imker-grefrath.de\/index.php\/wp-json\/wp\/v2\/pages"}],"about":[{"href":"https:\/\/www.imker-grefrath.de\/index.php\/wp-json\/wp\/v2\/types\/page"}],"author":[{"embeddable":true,"href":"https:\/\/www.imker-grefrath.de\/index.php\/wp-json\/wp\/v2\/users\/2"}],"replies":[{"embeddable":true,"href":"https:\/\/www.imker-grefrath.de\/index.php\/wp-json\/wp\/v2\/comments?post=177"}],"version-history":[{"count":2,"href":"https:\/\/www.imker-grefrath.de\/index.php\/wp-json\/wp\/v2\/pages\/177\/revisions"}],"predecessor-version":[{"id":179,"href":"https:\/\/www.imker-grefrath.de\/index.php\/wp-json\/wp\/v2\/pages\/177\/revisions\/179"}],"wp:attachment":[{"href":"https:\/\/www.imker-grefrath.de\/index.php\/wp-json\/wp\/v2\/media?parent=177"}],"curies":[{"name":"wp","href":"https:\/\/api.w.org\/{rel}","templated":true}]}}